{"id":8008,"date":"2022-03-24T16:40:15","date_gmt":"2022-03-24T16:40:15","guid":{"rendered":"https:\/\/xn--espaomorumbi-ndb.theluxspa.com.br\/spa-center-copy\/"},"modified":"2025-02-03T17:51:04","modified_gmt":"2025-02-03T17:51:04","slug":"entrada","status":"publish","type":"page","link":"https:\/\/xn--espaomorumbi-ndb.theluxspa.com.br\/","title":{"rendered":"Entrada"},"content":{"rendered":"\t\t<div data-elementor-type=\"wp-page\" data-elementor-id=\"8008\" class=\"elementor elementor-8008\">\n\t\t\t\t\t\t<section class=\"elementor-section elementor-top-section elementor-element elementor-element-cd804ff elementor-section-full_width elementor-section-stretched elementor-hidden-tablet elementor-hidden-mobile elementor-section-height-default elementor-section-height-default qodef-elementor-content-no\" data-id=\"cd804ff\" data-element_type=\"section\" data-settings=\"{&quot;background_background&quot;:&quot;classic&quot;,&quot;stretch_section&quot;:&quot;section-stretched&quot;}\">\n\t\t\t\t\t\t<div class=\"elementor-container elementor-column-gap-no\">\n\t\t\t\t\t<div class=\"elementor-column elementor-col-100 elementor-top-column elementor-element elementor-element-48b30e3\" data-id=\"48b30e3\" data-element_type=\"column\">\n\t\t\t<div class=\"elementor-widget-wrap elementor-element-populated\">\n\t\t\t\t\t\t<div class=\"elementor-element elementor-element-e8c67ed elementor-fixed elementor-widget elementor-widget-image\" data-id=\"e8c67ed\" data-element_type=\"widget\" data-settings=\"{&quot;_position&quot;:&quot;fixed&quot;}\" data-widget_type=\"image.default\">\n\t\t\t\t<div class=\"elementor-widget-container\">\n\t\t\t\t\t\t\t\t\t\t\t\t\t\t\t<img decoding=\"async\" width=\"300\" height=\"110\" src=\"https:\/\/xn--espaomorumbi-ndb.theluxspa.com.br\/wp-content\/uploads\/2022\/04\/Logo-Footer-300x110.png\" class=\"attachment-medium size-medium wp-image-8305\" alt=\"\" srcset=\"https:\/\/xn--espaomorumbi-ndb.theluxspa.com.br\/wp-content\/uploads\/2022\/04\/Logo-Footer-300x110.png 300w, https:\/\/xn--espaomorumbi-ndb.theluxspa.com.br\/wp-content\/uploads\/2022\/04\/Logo-Footer.png 459w\" sizes=\"(max-width: 300px) 100vw, 300px\" \/>\t\t\t\t\t\t\t\t\t\t\t\t\t\t\t<\/div>\n\t\t\t\t<\/div>\n\t\t\t\t\t<\/div>\n\t\t<\/div>\n\t\t\t\t\t<\/div>\n\t\t<\/section>\n\t\t\t\t<section class=\"elementor-section elementor-top-section elementor-element elementor-element-6312e54 elementor-section-full_width elementor-section-stretched elementor-hidden-tablet elementor-hidden-mobile elementor-section-height-default elementor-section-height-default qodef-elementor-content-no\" data-id=\"6312e54\" data-element_type=\"section\" data-settings=\"{&quot;background_background&quot;:&quot;classic&quot;,&quot;stretch_section&quot;:&quot;section-stretched&quot;}\">\n\t\t\t\t\t\t<div class=\"elementor-container elementor-column-gap-no\">\n\t\t\t\t\t<div class=\"elementor-column elementor-col-100 elementor-top-column elementor-element elementor-element-c8cd7d9\" data-id=\"c8cd7d9\" data-element_type=\"column\">\n\t\t\t<div class=\"elementor-widget-wrap elementor-element-populated\">\n\t\t\t\t\t\t<div class=\"elementor-element elementor-element-4ea99dc elementor-fixed elementor-widget elementor-widget-image\" data-id=\"4ea99dc\" data-element_type=\"widget\" data-settings=\"{&quot;_position&quot;:&quot;fixed&quot;}\" data-widget_type=\"image.default\">\n\t\t\t\t<div class=\"elementor-widget-container\">\n\t\t\t\t\t\t\t\t\t\t\t\t\t\t\t<img decoding=\"async\" width=\"300\" height=\"110\" src=\"https:\/\/xn--espaomorumbi-ndb.theluxspa.com.br\/wp-content\/uploads\/2022\/04\/Logo-Footer-300x110.png\" class=\"attachment-medium size-medium wp-image-8305\" alt=\"\" srcset=\"https:\/\/xn--espaomorumbi-ndb.theluxspa.com.br\/wp-content\/uploads\/2022\/04\/Logo-Footer-300x110.png 300w, https:\/\/xn--espaomorumbi-ndb.theluxspa.com.br\/wp-content\/uploads\/2022\/04\/Logo-Footer.png 459w\" sizes=\"(max-width: 300px) 100vw, 300px\" \/>\t\t\t\t\t\t\t\t\t\t\t\t\t\t\t<\/div>\n\t\t\t\t<\/div>\n\t\t\t\t\t<\/div>\n\t\t<\/div>\n\t\t\t\t\t<\/div>\n\t\t<\/section>\n\t\t\t\t<section class=\"elementor-section elementor-top-section elementor-element elementor-element-946ffc1 elementor-section-full_width elementor-section-stretched elementor-hidden-tablet elementor-hidden-mobile elementor-section-height-default elementor-section-height-default qodef-elementor-content-no\" data-id=\"946ffc1\" data-element_type=\"section\" data-settings=\"{&quot;stretch_section&quot;:&quot;section-stretched&quot;}\">\n\t\t\t\t\t\t<div class=\"elementor-container elementor-column-gap-no\">\n\t\t\t\t\t<div class=\"elementor-column elementor-col-100 elementor-top-column elementor-element elementor-element-8a8ea85\" data-id=\"8a8ea85\" data-element_type=\"column\">\n\t\t\t<div class=\"elementor-widget-wrap elementor-element-populated\">\n\t\t\t\t\t\t<div class=\"elementor-element elementor-element-b4108b9 elementor-widget elementor-widget-chea_core_banner\" data-id=\"b4108b9\" data-element_type=\"widget\" data-widget_type=\"chea_core_banner.default\">\n\t\t\t\t<div class=\"elementor-widget-container\">\n\t\t\t\t\t<div class=\"qodef-shortcode qodef-m  qodef-banner qodef-layout--link-button qodef-vertical-align--center qodef-text-align--center qodef-hover-animation--yes\">\n\t<div class=\"qodef-m-image\">\n\t<img fetchpriority=\"high\" decoding=\"async\" width=\"1920\" height=\"1080\" src=\"https:\/\/xn--espaomorumbi-ndb.theluxspa.com.br\/wp-content\/uploads\/2022\/07\/Banner-INICIO-1080X1920.png\" class=\"attachment-full size-full\" alt=\"\" srcset=\"https:\/\/xn--espaomorumbi-ndb.theluxspa.com.br\/wp-content\/uploads\/2022\/07\/Banner-INICIO-1080X1920.png 1920w, https:\/\/xn--espaomorumbi-ndb.theluxspa.com.br\/wp-content\/uploads\/2022\/07\/Banner-INICIO-1080X1920-300x169.png 300w, https:\/\/xn--espaomorumbi-ndb.theluxspa.com.br\/wp-content\/uploads\/2022\/07\/Banner-INICIO-1080X1920-1024x576.png 1024w, https:\/\/xn--espaomorumbi-ndb.theluxspa.com.br\/wp-content\/uploads\/2022\/07\/Banner-INICIO-1080X1920-768x432.png 768w, https:\/\/xn--espaomorumbi-ndb.theluxspa.com.br\/wp-content\/uploads\/2022\/07\/Banner-INICIO-1080X1920-1536x864.png 1536w\" sizes=\"(max-width: 1920px) 100vw, 1920px\" \/><\/div>\n\t<div class=\"qodef-m-content\">\n\t\t<div class=\"qodef-m-content-inner\">\n\t\t\t\t\t\t\t<h1 class=\"qodef-m-title\" style=\"color: #FFFFFF\">\n\t\tConhe\u00e7a nossa estrutura!\t<\/h1>\n            \t\t\t\t\t\t\t<div class=\"qodef-m-button\">\n\t\t<a class=\"qodef-shortcode qodef-m  qodef-button qodef-layout--circled  qodef-html--link\" href=\"https:\/\/morumbi.theluxspa.com.br\/\" target=\"_blank\"  >\t<span class=\"qodef-m-text\">Acesse j\u00e1<\/span>    <svg class=\"qodef-m-video-button-svg\" xmlns=\"http:\/\/www.w3.org\/2000\/svg\" xmlns:xlink=\"http:\/\/www.w3.org\/1999\/xlink\" x=\"0px\" y=\"0px\" viewBox=\"101.834 -116.834 218.75 218.917\" enable-background=\"new 101.834 -116.834 218.75 218.917\" xml:space=\"preserve\"><polygon stroke-linecap=\"round\" stroke-linejoin=\"round\" points=\"198.743,-22.257 223.743,-7.256 198.743,7.744 \"\/><circle stroke-linecap=\"round\" stroke-linejoin=\"round\" cx=\"211.243\" cy=\"-7.257\" r=\"108.5\"\/><circle stroke-linecap=\"round\" stroke-linejoin=\"round\" cx=\"211.243\" cy=\"-7.257\" r=\"108.5\"\/><\/svg><\/a>\t<\/div>\n\t\t<\/div>\n\t<\/div>\n<\/div>\n\t\t\t\t<\/div>\n\t\t\t\t<\/div>\n\t\t\t\t\t<\/div>\n\t\t<\/div>\n\t\t\t\t\t<\/div>\n\t\t<\/section>\n\t\t\t\t<section class=\"elementor-section elementor-top-section elementor-element elementor-element-4a89d67 elementor-section-full_width elementor-section-stretched elementor-hidden-desktop elementor-section-height-default elementor-section-height-default qodef-elementor-content-no\" data-id=\"4a89d67\" data-element_type=\"section\" data-settings=\"{&quot;background_background&quot;:&quot;classic&quot;,&quot;stretch_section&quot;:&quot;section-stretched&quot;}\">\n\t\t\t\t\t\t<div class=\"elementor-container elementor-column-gap-no\">\n\t\t\t\t\t<div class=\"elementor-column elementor-col-100 elementor-top-column elementor-element elementor-element-d9b8b28\" data-id=\"d9b8b28\" data-element_type=\"column\">\n\t\t\t<div class=\"elementor-widget-wrap elementor-element-populated\">\n\t\t\t\t\t\t<div class=\"elementor-element elementor-element-da5231a elementor-fixed elementor-widget elementor-widget-image\" data-id=\"da5231a\" data-element_type=\"widget\" data-settings=\"{&quot;_position&quot;:&quot;fixed&quot;}\" data-widget_type=\"image.default\">\n\t\t\t\t<div class=\"elementor-widget-container\">\n\t\t\t\t\t\t\t\t\t\t\t\t\t\t\t<img decoding=\"async\" src=\"https:\/\/xn--espaomorumbi-ndb.theluxspa.com.br\/wp-content\/uploads\/2022\/04\/Logo-Footer.png\" title=\"Logo-Footer\" alt=\"Logo-Footer\" loading=\"lazy\" \/>\t\t\t\t\t\t\t\t\t\t\t\t\t\t\t<\/div>\n\t\t\t\t<\/div>\n\t\t\t\t\t<\/div>\n\t\t<\/div>\n\t\t\t\t\t<\/div>\n\t\t<\/section>\n\t\t\t\t<section class=\"elementor-section elementor-top-section elementor-element elementor-element-eb8bd17 elementor-section-full_width elementor-section-stretched elementor-hidden-desktop elementor-section-height-default elementor-section-height-default qodef-elementor-content-no\" data-id=\"eb8bd17\" data-element_type=\"section\" data-settings=\"{&quot;stretch_section&quot;:&quot;section-stretched&quot;}\">\n\t\t\t\t\t\t<div class=\"elementor-container elementor-column-gap-no\">\n\t\t\t\t\t<div class=\"elementor-column elementor-col-100 elementor-top-column elementor-element elementor-element-5daddf2\" data-id=\"5daddf2\" data-element_type=\"column\" data-settings=\"{&quot;background_background&quot;:&quot;classic&quot;}\">\n\t\t\t<div class=\"elementor-widget-wrap elementor-element-populated\">\n\t\t\t\t\t<div class=\"elementor-background-overlay\"><\/div>\n\t\t\t\t\t\t<div class=\"elementor-element elementor-element-975438c elementor-absolute elementor-widget elementor-widget-heading\" data-id=\"975438c\" data-element_type=\"widget\" data-settings=\"{&quot;_position&quot;:&quot;absolute&quot;}\" data-widget_type=\"heading.default\">\n\t\t\t\t<div class=\"elementor-widget-container\">\n\t\t\t\t\t<h3 class=\"elementor-heading-title elementor-size-default\">Conhe\u00e7a nossa <br>estrutura!<\/h3>\t\t\t\t<\/div>\n\t\t\t\t<\/div>\n\t\t\t\t<div class=\"elementor-element elementor-element-f557a83 elementor-fixed elementor-widget-mobile__width-initial elementor-widget elementor-widget-chea_core_button\" data-id=\"f557a83\" data-element_type=\"widget\" data-settings=\"{&quot;_position&quot;:&quot;fixed&quot;}\" data-widget_type=\"chea_core_button.default\">\n\t\t\t\t<div class=\"elementor-widget-container\">\n\t\t\t\t\t<a class=\"qodef-shortcode qodef-m  qodef-button qodef-layout--circled qodef-size--small qodef-html--link\" href=\"https:\/\/morumbi.theluxspa.com.br\/\" target=\"_self\"  >\n\t<span class=\"qodef-m-text\">Acesse J\u00e1<\/span>\n    <svg class=\"qodef-m-video-button-svg\" xmlns=\"http:\/\/www.w3.org\/2000\/svg\" xmlns:xlink=\"http:\/\/www.w3.org\/1999\/xlink\" x=\"0px\" y=\"0px\" viewBox=\"101.834 -116.834 218.75 218.917\" enable-background=\"new 101.834 -116.834 218.75 218.917\" xml:space=\"preserve\"><polygon stroke-linecap=\"round\" stroke-linejoin=\"round\" points=\"198.743,-22.257 223.743,-7.256 198.743,7.744 \"\/><circle stroke-linecap=\"round\" stroke-linejoin=\"round\" cx=\"211.243\" cy=\"-7.257\" r=\"108.5\"\/><circle stroke-linecap=\"round\" stroke-linejoin=\"round\" cx=\"211.243\" cy=\"-7.257\" r=\"108.5\"\/><\/svg><\/a>\n\t\t\t\t<\/div>\n\t\t\t\t<\/div>\n\t\t\t\t\t<\/div>\n\t\t<\/div>\n\t\t\t\t\t<\/div>\n\t\t<\/section>\n\t\t\t\t<\/div>\n\t\t","protected":false},"excerpt":{"rendered":"<p>Conhe\u00e7a nossa estrutura! Acesse j\u00e1 Conhe\u00e7a nossa estrutura! Acesse J\u00e1<\/p>\n","protected":false},"author":1,"featured_media":0,"parent":0,"menu_order":0,"comment_status":"closed","ping_status":"closed","template":"page-blank-template.php","meta":{"footnotes":""},"class_list":["post-8008","page","type-page","status-publish","hentry"],"yoast_head":"<!-- This site is optimized with the Yoast SEO plugin v24.3 - https:\/\/yoast.com\/wordpress\/plugins\/seo\/ -->\n<title>Entrada - The Lux Spa<\/title>\n<meta name=\"robots\" content=\"index, follow, max-snippet:-1, max-image-preview:large, max-video-preview:-1\" \/>\n<link rel=\"canonical\" href=\"https:\/\/xn--espaomorumbi-ndb.theluxspa.com.br\/\" \/>\n<meta property=\"og:locale\" content=\"pt_BR\" \/>\n<meta property=\"og:type\" content=\"article\" \/>\n<meta property=\"og:title\" content=\"Entrada - The Lux Spa\" \/>\n<meta property=\"og:description\" content=\"Conhe\u00e7a nossa estrutura! Acesse j\u00e1 Conhe\u00e7a nossa estrutura! Acesse J\u00e1\" \/>\n<meta property=\"og:url\" content=\"https:\/\/xn--espaomorumbi-ndb.theluxspa.com.br\/\" \/>\n<meta property=\"og:site_name\" content=\"The Lux Spa\" \/>\n<meta property=\"article:modified_time\" content=\"2025-02-03T17:51:04+00:00\" \/>\n<meta property=\"og:image\" content=\"https:\/\/xn--espaomorumbi-ndb.theluxspa.com.br\/wp-content\/uploads\/2022\/04\/Logo-Footer.png\" \/>\n\t<meta property=\"og:image:width\" content=\"459\" \/>\n\t<meta property=\"og:image:height\" content=\"169\" \/>\n\t<meta property=\"og:image:type\" content=\"image\/png\" \/>\n<meta name=\"twitter:card\" content=\"summary_large_image\" \/>\n<meta name=\"twitter:label1\" content=\"Est. tempo de leitura\" \/>\n\t<meta name=\"twitter:data1\" content=\"1 minuto\" \/>\n<script type=\"application\/ld+json\" class=\"yoast-schema-graph\">{\"@context\":\"https:\/\/schema.org\",\"@graph\":[{\"@type\":\"WebPage\",\"@id\":\"https:\/\/xn--espaomorumbi-ndb.theluxspa.com.br\/\",\"url\":\"https:\/\/xn--espaomorumbi-ndb.theluxspa.com.br\/\",\"name\":\"Entrada - The Lux Spa\",\"isPartOf\":{\"@id\":\"https:\/\/xn--espaomorumbi-ndb.theluxspa.com.br\/#website\"},\"primaryImageOfPage\":{\"@id\":\"https:\/\/xn--espaomorumbi-ndb.theluxspa.com.br\/#primaryimage\"},\"image\":{\"@id\":\"https:\/\/xn--espaomorumbi-ndb.theluxspa.com.br\/#primaryimage\"},\"thumbnailUrl\":\"https:\/\/xn--espaomorumbi-ndb.theluxspa.com.br\/wp-content\/uploads\/2022\/04\/Logo-Footer-300x110.png\",\"datePublished\":\"2022-03-24T16:40:15+00:00\",\"dateModified\":\"2025-02-03T17:51:04+00:00\",\"breadcrumb\":{\"@id\":\"https:\/\/xn--espaomorumbi-ndb.theluxspa.com.br\/#breadcrumb\"},\"inLanguage\":\"pt-BR\",\"potentialAction\":[{\"@type\":\"ReadAction\",\"target\":[\"https:\/\/xn--espaomorumbi-ndb.theluxspa.com.br\/\"]}]},{\"@type\":\"ImageObject\",\"inLanguage\":\"pt-BR\",\"@id\":\"https:\/\/xn--espaomorumbi-ndb.theluxspa.com.br\/#primaryimage\",\"url\":\"https:\/\/xn--espaomorumbi-ndb.theluxspa.com.br\/wp-content\/uploads\/2022\/04\/Logo-Footer.png\",\"contentUrl\":\"https:\/\/xn--espaomorumbi-ndb.theluxspa.com.br\/wp-content\/uploads\/2022\/04\/Logo-Footer.png\",\"width\":459,\"height\":169},{\"@type\":\"BreadcrumbList\",\"@id\":\"https:\/\/xn--espaomorumbi-ndb.theluxspa.com.br\/#breadcrumb\",\"itemListElement\":[{\"@type\":\"ListItem\",\"position\":1,\"name\":\"In\u00edcio\",\"item\":\"https:\/\/xn--espaomorumbi-ndb.theluxspa.com.br\/\"},{\"@type\":\"ListItem\",\"position\":2,\"name\":\"Entrada\"}]},{\"@type\":\"WebSite\",\"@id\":\"https:\/\/xn--espaomorumbi-ndb.theluxspa.com.br\/#website\",\"url\":\"https:\/\/xn--espaomorumbi-ndb.theluxspa.com.br\/\",\"name\":\"The Lux Spa\",\"description\":\"\",\"potentialAction\":[{\"@type\":\"SearchAction\",\"target\":{\"@type\":\"EntryPoint\",\"urlTemplate\":\"https:\/\/xn--espaomorumbi-ndb.theluxspa.com.br\/?s={search_term_string}\"},\"query-input\":{\"@type\":\"PropertyValueSpecification\",\"valueRequired\":true,\"valueName\":\"search_term_string\"}}],\"inLanguage\":\"pt-BR\"}]}<\/script>\n<!-- \/ Yoast SEO plugin. -->","yoast_head_json":{"title":"Entrada - The Lux Spa","robots":{"index":"index","follow":"follow","max-snippet":"max-snippet:-1","max-image-preview":"max-image-preview:large","max-video-preview":"max-video-preview:-1"},"canonical":"https:\/\/xn--espaomorumbi-ndb.theluxspa.com.br\/","og_locale":"pt_BR","og_type":"article","og_title":"Entrada - The Lux Spa","og_description":"Conhe\u00e7a nossa estrutura! Acesse j\u00e1 Conhe\u00e7a nossa estrutura! Acesse J\u00e1","og_url":"https:\/\/xn--espaomorumbi-ndb.theluxspa.com.br\/","og_site_name":"The Lux Spa","article_modified_time":"2025-02-03T17:51:04+00:00","og_image":[{"width":459,"height":169,"url":"https:\/\/xn--espaomorumbi-ndb.theluxspa.com.br\/wp-content\/uploads\/2022\/04\/Logo-Footer.png","type":"image\/png"}],"twitter_card":"summary_large_image","twitter_misc":{"Est. tempo de leitura":"1 minuto"},"schema":{"@context":"https:\/\/schema.org","@graph":[{"@type":"WebPage","@id":"https:\/\/xn--espaomorumbi-ndb.theluxspa.com.br\/","url":"https:\/\/xn--espaomorumbi-ndb.theluxspa.com.br\/","name":"Entrada - The Lux Spa","isPartOf":{"@id":"https:\/\/xn--espaomorumbi-ndb.theluxspa.com.br\/#website"},"primaryImageOfPage":{"@id":"https:\/\/xn--espaomorumbi-ndb.theluxspa.com.br\/#primaryimage"},"image":{"@id":"https:\/\/xn--espaomorumbi-ndb.theluxspa.com.br\/#primaryimage"},"thumbnailUrl":"https:\/\/xn--espaomorumbi-ndb.theluxspa.com.br\/wp-content\/uploads\/2022\/04\/Logo-Footer-300x110.png","datePublished":"2022-03-24T16:40:15+00:00","dateModified":"2025-02-03T17:51:04+00:00","breadcrumb":{"@id":"https:\/\/xn--espaomorumbi-ndb.theluxspa.com.br\/#breadcrumb"},"inLanguage":"pt-BR","potentialAction":[{"@type":"ReadAction","target":["https:\/\/xn--espaomorumbi-ndb.theluxspa.com.br\/"]}]},{"@type":"ImageObject","inLanguage":"pt-BR","@id":"https:\/\/xn--espaomorumbi-ndb.theluxspa.com.br\/#primaryimage","url":"https:\/\/xn--espaomorumbi-ndb.theluxspa.com.br\/wp-content\/uploads\/2022\/04\/Logo-Footer.png","contentUrl":"https:\/\/xn--espaomorumbi-ndb.theluxspa.com.br\/wp-content\/uploads\/2022\/04\/Logo-Footer.png","width":459,"height":169},{"@type":"BreadcrumbList","@id":"https:\/\/xn--espaomorumbi-ndb.theluxspa.com.br\/#breadcrumb","itemListElement":[{"@type":"ListItem","position":1,"name":"In\u00edcio","item":"https:\/\/xn--espaomorumbi-ndb.theluxspa.com.br\/"},{"@type":"ListItem","position":2,"name":"Entrada"}]},{"@type":"WebSite","@id":"https:\/\/xn--espaomorumbi-ndb.theluxspa.com.br\/#website","url":"https:\/\/xn--espaomorumbi-ndb.theluxspa.com.br\/","name":"The Lux Spa","description":"","potentialAction":[{"@type":"SearchAction","target":{"@type":"EntryPoint","urlTemplate":"https:\/\/xn--espaomorumbi-ndb.theluxspa.com.br\/?s={search_term_string}"},"query-input":{"@type":"PropertyValueSpecification","valueRequired":true,"valueName":"search_term_string"}}],"inLanguage":"pt-BR"}]}},"_links":{"self":[{"href":"https:\/\/xn--espaomorumbi-ndb.theluxspa.com.br\/index.php?rest_route=\/wp\/v2\/pages\/8008","targetHints":{"allow":["GET"]}}],"collection":[{"href":"https:\/\/xn--espaomorumbi-ndb.theluxspa.com.br\/index.php?rest_route=\/wp\/v2\/pages"}],"about":[{"href":"https:\/\/xn--espaomorumbi-ndb.theluxspa.com.br\/index.php?rest_route=\/wp\/v2\/types\/page"}],"author":[{"embeddable":true,"href":"https:\/\/xn--espaomorumbi-ndb.theluxspa.com.br\/index.php?rest_route=\/wp\/v2\/users\/1"}],"replies":[{"embeddable":true,"href":"https:\/\/xn--espaomorumbi-ndb.theluxspa.com.br\/index.php?rest_route=%2Fwp%2Fv2%2Fcomments&post=8008"}],"version-history":[{"count":290,"href":"https:\/\/xn--espaomorumbi-ndb.theluxspa.com.br\/index.php?rest_route=\/wp\/v2\/pages\/8008\/revisions"}],"predecessor-version":[{"id":8483,"href":"https:\/\/xn--espaomorumbi-ndb.theluxspa.com.br\/index.php?rest_route=\/wp\/v2\/pages\/8008\/revisions\/8483"}],"wp:attachment":[{"href":"https:\/\/xn--espaomorumbi-ndb.theluxspa.com.br\/index.php?rest_route=%2Fwp%2Fv2%2Fmedia&parent=8008"}],"curies":[{"name":"wp","href":"https:\/\/api.w.org\/{rel}","templated":true}]}}